{"id":795,"date":"2025-12-11T17:35:25","date_gmt":"2025-12-11T17:35:25","guid":{"rendered":"https:\/\/ermatile.lu\/?page_id=795"},"modified":"2025-12-11T17:43:35","modified_gmt":"2025-12-11T17:43:35","slug":"travaux-realises","status":"publish","type":"page","link":"https:\/\/ermatile.lu\/lb\/travaux-realises\/","title":{"rendered":"Aarbecht duerchgefouert"},"content":{"rendered":"<div data-elementor-type=\"wp-page\" data-elementor-id=\"795\" class=\"elementor elementor-795\" data-elementor-settings=\"{&quot;ha_cmc_init_switcher&quot;:&quot;no&quot;}\" data-elementor-post-type=\"page\">\n\t\t\t\t<div class=\"elementor-element elementor-element-1daacf2 e-flex e-con-boxed e-con e-parent\" data-id=\"1daacf2\" data-element_type=\"container\" data-e-type=\"container\" data-settings=\"{&quot;background_background&quot;:&quot;classic&quot;,&quot;_ha_eqh_enable&quot;:false}\">\n\t\t\t\t\t<div class=\"e-con-inner\">\n\t\t<div class=\"elementor-element elementor-element-1aa5034 e-con-full e-flex e-con e-child\" data-id=\"1aa5034\" data-element_type=\"container\" data-e-type=\"container\" data-settings=\"{&quot;_ha_eqh_enable&quot;:false}\">\n\t\t\t\t<div class=\"elementor-element elementor-element-c2f65d8 elementor-widget elementor-widget-heading\" data-id=\"c2f65d8\" data-element_type=\"widget\" data-e-type=\"widget\" data-widget_type=\"heading.default\">\n\t\t\t\t\t<h2 class=\"elementor-heading-title elementor-size-default\">Aarbecht duerchgefouert<\/h2>\t\t\t\t<\/div>\n\t\t\t\t<\/div>\n\t\t\t\t\t<\/div>\n\t\t\t\t<\/div>\n\t\t<div class=\"elementor-element elementor-element-8bb8a29 e-flex e-con-boxed e-con e-parent\" data-id=\"8bb8a29\" data-element_type=\"container\" data-e-type=\"container\" data-settings=\"{&quot;background_background&quot;:&quot;classic&quot;,&quot;_ha_eqh_enable&quot;:false}\">\n\t\t\t\t\t<div class=\"e-con-inner\">\n\t\t<div class=\"elementor-element elementor-element-aaae870 e-con-full e-flex elementor-invisible e-con e-child\" data-id=\"aaae870\" data-element_type=\"container\" data-e-type=\"container\" data-settings=\"{&quot;animation&quot;:&quot;fadeInLeft&quot;,&quot;_ha_eqh_enable&quot;:false}\">\n\t\t<div class=\"elementor-element elementor-element-37f9fa2 e-con-full e-flex e-con e-child\" data-id=\"37f9fa2\" data-element_type=\"container\" data-e-type=\"container\" data-settings=\"{&quot;_ha_eqh_enable&quot;:false}\">\n\t\t<div class=\"elementor-element elementor-element-4915f78 e-con-full e-flex e-con e-child\" data-id=\"4915f78\" data-element_type=\"container\" data-e-type=\"container\" data-settings=\"{&quot;_ha_eqh_enable&quot;:false}\">\n\t\t\t\t<div class=\"elementor-element elementor-element-d4e3492 elementor-widget elementor-widget-ha-image-compare happy-addon ha-image-compare\" data-id=\"d4e3492\" data-element_type=\"widget\" data-e-type=\"widget\" data-widget_type=\"ha-image-compare.default\">\n\t\t\t\t\t        <div class=\"twentytwenty-container hajs-image-comparison\" data-happy-settings=\"{&quot;default_offset_pct&quot;:0.5,&quot;orientation&quot;:&quot;horizontal&quot;,&quot;no_overlay&quot;:true,&quot;move_handle&quot;:&quot;on_hover&quot;,&quot;before_label&quot;:&quot;Avant&quot;,&quot;after_label&quot;:&quot;Apr\\u00e8s&quot;}\">\n            <img fetchpriority=\"high\" decoding=\"async\" width=\"1600\" height=\"1200\" src=\"https:\/\/ermatile.lu\/wp-content\/uploads\/2025\/12\/Imagem-do-WhatsApp-de-2025-12-03-as-05.43.19_3f7d0123.jpg\" class=\"elementor-animation-disable-animation attachment-full size-full wp-image-633\" alt=\"\" srcset=\"https:\/\/ermatile.lu\/wp-content\/uploads\/2025\/12\/Imagem-do-WhatsApp-de-2025-12-03-as-05.43.19_3f7d0123.jpg 1600w, https:\/\/ermatile.lu\/wp-content\/uploads\/2025\/12\/Imagem-do-WhatsApp-de-2025-12-03-as-05.43.19_3f7d0123-300x225.jpg 300w, https:\/\/ermatile.lu\/wp-content\/uploads\/2025\/12\/Imagem-do-WhatsApp-de-2025-12-03-as-05.43.19_3f7d0123-1024x768.jpg 1024w, https:\/\/ermatile.lu\/wp-content\/uploads\/2025\/12\/Imagem-do-WhatsApp-de-2025-12-03-as-05.43.19_3f7d0123-768x576.jpg 768w, https:\/\/ermatile.lu\/wp-content\/uploads\/2025\/12\/Imagem-do-WhatsApp-de-2025-12-03-as-05.43.19_3f7d0123-1536x1152.jpg 1536w\" sizes=\"(max-width: 1600px) 100vw, 1600px\" \/><img decoding=\"async\" width=\"2560\" height=\"1920\" src=\"https:\/\/ermatile.lu\/wp-content\/uploads\/2025\/12\/IMG_9672-scaled.png\" class=\"elementor-animation-disable-animation attachment-full size-full wp-image-635\" alt=\"\" srcset=\"https:\/\/ermatile.lu\/wp-content\/uploads\/2025\/12\/IMG_9672-scaled.png 2560w, https:\/\/ermatile.lu\/wp-content\/uploads\/2025\/12\/IMG_9672-300x225.png 300w, https:\/\/ermatile.lu\/wp-content\/uploads\/2025\/12\/IMG_9672-1024x768.png 1024w, https:\/\/ermatile.lu\/wp-content\/uploads\/2025\/12\/IMG_9672-768x576.png 768w, https:\/\/ermatile.lu\/wp-content\/uploads\/2025\/12\/IMG_9672-1536x1152.png 1536w, https:\/\/ermatile.lu\/wp-content\/uploads\/2025\/12\/IMG_9672-2048x1536.png 2048w\" sizes=\"(max-width: 2560px) 100vw, 2560px\" \/>        <\/div>\n        \t\t\t\t<\/div>\n\t\t\t\t<\/div>\n\t\t<div class=\"elementor-element elementor-element-bd7bbe4 e-con-full e-flex e-con e-child\" data-id=\"bd7bbe4\" data-element_type=\"container\" data-e-type=\"container\" data-settings=\"{&quot;_ha_eqh_enable&quot;:false}\">\n\t\t\t\t<div class=\"elementor-element elementor-element-88ba85c elementor-widget elementor-widget-heading\" data-id=\"88ba85c\" data-element_type=\"widget\" data-e-type=\"widget\" data-widget_type=\"heading.default\">\n\t\t\t\t\t<h2 class=\"elementor-heading-title elementor-size-default\">Entdeckt eist neitst Projet bei ERMA art &amp; S\u2019Tile! D\u00ebs K\u00e9ier hu mir e Buedz\u00ebmmer an e Mersch-Raum \u00ebmgewandelt.<\/h2>\t\t\t\t<\/div>\n\t\t\t\t<div class=\"elementor-element elementor-element-c223a9e elementor-widget elementor-widget-text-editor\" data-id=\"c223a9e\" data-element_type=\"widget\" data-e-type=\"widget\" data-widget_type=\"text-editor.default\">\n\t\t\t\t\t\t\t\t\t<div dir=\"auto\"><p>Mir hunn de ganze Projet iwwerholl, vum Ofbroch bis zur Sanit\u00e4rinstallatioun, inklusiv Fliesenverleeung a Molerei.<\/p><p>Fir de Buedem hu mir eis fir d'Robour Padouk 20\u00d7120 Kollektioun vun Energieker entscheet, an fir d'Mauere fir de Lausanne Beige 60\u00d7120 vun Domino, w\u00e4hrend de Rescht vun de Maueren an Off-W\u00e4iss ugestrach ass.<\/p><p>D'Fotoe virun\/no schw\u00e4tze fir sech selwer: d'Buedz\u00ebmmer ass elo m\u00e9i hell an et herrscht eng waarm Atmosph\u00e4r. Wat mengt Dir dovun?<\/p><\/div>\t\t\t\t\t\t\t\t<\/div>\n\t\t\t\t<\/div>\n\t\t\t\t<\/div>\n\t\t\t\t<\/div>\n\t\t\t\t\t<\/div>\n\t\t\t\t<\/div>\n\t\t<div class=\"elementor-element elementor-element-08c1116 e-flex e-con-boxed e-con e-parent\" data-id=\"08c1116\" data-element_type=\"container\" data-e-type=\"container\" data-settings=\"{&quot;background_background&quot;:&quot;classic&quot;,&quot;_ha_eqh_enable&quot;:false}\">\n\t\t\t\t\t<div class=\"e-con-inner\">\n\t\t<div class=\"elementor-element elementor-element-8519493 e-con-full e-flex elementor-invisible e-con e-child\" data-id=\"8519493\" data-element_type=\"container\" data-e-type=\"container\" data-settings=\"{&quot;animation&quot;:&quot;fadeInLeft&quot;,&quot;_ha_eqh_enable&quot;:false}\">\n\t\t<div class=\"elementor-element elementor-element-9d98c02 e-con-full e-flex e-con e-child\" data-id=\"9d98c02\" data-element_type=\"container\" data-e-type=\"container\" data-settings=\"{&quot;_ha_eqh_enable&quot;:false}\">\n\t\t<div class=\"elementor-element elementor-element-8bbcc7d e-con-full e-flex e-con e-child\" data-id=\"8bbcc7d\" data-element_type=\"container\" data-e-type=\"container\" data-settings=\"{&quot;_ha_eqh_enable&quot;:false}\">\n\t\t\t\t<div class=\"elementor-element elementor-element-8ebd70d elementor-widget elementor-widget-heading\" data-id=\"8ebd70d\" data-element_type=\"widget\" data-e-type=\"widget\" data-widget_type=\"heading.default\">\n\t\t\t\t\t<h2 class=\"elementor-heading-title elementor-size-default\">Virun an no: Eng erfollegr\u00e4ich Transformatioun!<\/h2>\t\t\t\t<\/div>\n\t\t\t\t<div class=\"elementor-element elementor-element-95ba6f2 elementor-widget elementor-widget-text-editor\" data-id=\"95ba6f2\" data-element_type=\"widget\" data-e-type=\"widget\" data-widget_type=\"text-editor.default\">\n\t\t\t\t\t\t\t\t\t<div class=\"x14z9mp xat24cr x1lziwak x1vvkbs xtlvy1s x126k92a\"><div dir=\"auto\"><div class=\"html-div xdj266r x14z9mp xat24cr x1lziwak xexx8yu xyri2b x18d9i69 x1c1uobl\" data-ad-rendering-role=\"story_message\"><div id=\"_R_2l5dimjbsmj5ilipamH2_\" class=\"x1l90r2v x1iorvi4 x1g0dm76 xpdmqnj\" data-ad-comet-preview=\"message\" data-ad-preview=\"message\"><div class=\"x78zum5 xdt5ytf xz62fqu x16ldp7u\"><div class=\"xu06os2 x1ok221b\"><div class=\"html-div xdj266r x14z9mp xat24cr x1lziwak xexx8yu xyri2b x18d9i69 x1c1uobl\"><div class=\"x14z9mp xat24cr x1lziwak x1vvkbs xtlvy1s x126k92a\"><div dir=\"auto\">Mir free\u00ebn eis, eisen aller\u00e9ischte f\u00e4erdege Projet ze present\u00e9ieren! Jo, mir akzept\u00e9ieren och kleng Projeten, an d\u00ebsen ass e perfekt Beispill dofir.<\/div><\/div><div class=\"x14z9mp xat24cr x1lziwak x1vvkbs xtlvy1s x126k92a\"><div dir=\"auto\">Mir hunn d\u00ebst Z\u00ebmmer nei ugestrach, an enger \u00e4hnlecher, awer m\u00e9i m\u00ebller an agreabeler Faarf, dank eiser Samtfaarf \"Art de la Nature\" vu Robin. Fir eng extra Fr\u00ebschheet hu mir eis och dofir entscheet, d'Plafong mat enger Schicht mattw\u00e4isser Faarf, och vu Robin, opzefr\u00ebschen.<\/div><\/div><div class=\"x14z9mp xat24cr x1lziwak x1vvkbs xtlvy1s x126k92a\"><div dir=\"auto\">D\u00ebs \"Art of Nature\" Faarf ass net n\u00ebmmen h\u00e9ich deck, m\u00e4 si ass och L\u00e9isungsm\u00ebttelarm a liicht opzedroen, wat en impeccabelt Resultat garant\u00e9iert.<\/div><\/div><div class=\"x14z9mp xat24cr x1lziwak x1vvkbs xtlvy1s x126k92a\"><div dir=\"auto\">Bleift drun fir m\u00e9i inspir\u00e9ierend Transformatiounen ze entdecken!<\/div><\/div><\/div><\/div><\/div><\/div><\/div><\/div><\/div>\t\t\t\t\t\t\t\t<\/div>\n\t\t\t\t<\/div>\n\t\t<div class=\"elementor-element elementor-element-0977ee2 e-con-full e-flex e-con e-child\" data-id=\"0977ee2\" data-element_type=\"container\" data-e-type=\"container\" data-settings=\"{&quot;_ha_eqh_enable&quot;:false}\">\n\t\t\t\t<div class=\"elementor-element elementor-element-6d3771f elementor-widget elementor-widget-ha-image-compare happy-addon ha-image-compare\" data-id=\"6d3771f\" data-element_type=\"widget\" data-e-type=\"widget\" data-widget_type=\"ha-image-compare.default\">\n\t\t\t\t\t        <div class=\"twentytwenty-container hajs-image-comparison\" data-happy-settings=\"{&quot;default_offset_pct&quot;:0.5,&quot;orientation&quot;:&quot;horizontal&quot;,&quot;no_overlay&quot;:true,&quot;move_handle&quot;:&quot;on_hover&quot;,&quot;before_label&quot;:&quot;Avant&quot;,&quot;after_label&quot;:&quot;Apr\\u00e8s&quot;}\">\n            <img decoding=\"async\" width=\"590\" height=\"443\" src=\"https:\/\/ermatile.lu\/wp-content\/uploads\/2025\/12\/484961242_122159751704505166_2644801857276025693_n.jpg\" class=\"elementor-animation-disable-animation attachment-full size-full wp-image-803\" alt=\"\" srcset=\"https:\/\/ermatile.lu\/wp-content\/uploads\/2025\/12\/484961242_122159751704505166_2644801857276025693_n.jpg 590w, https:\/\/ermatile.lu\/wp-content\/uploads\/2025\/12\/484961242_122159751704505166_2644801857276025693_n-300x225.jpg 300w, https:\/\/ermatile.lu\/wp-content\/uploads\/2025\/12\/484961242_122159751704505166_2644801857276025693_n-16x12.jpg 16w\" sizes=\"(max-width: 590px) 100vw, 590px\" \/><img loading=\"lazy\" decoding=\"async\" width=\"590\" height=\"443\" src=\"https:\/\/ermatile.lu\/wp-content\/uploads\/2025\/12\/485137042_122159751734505166_1631195390121605529_n.jpg\" class=\"elementor-animation-disable-animation attachment-full size-full wp-image-802\" alt=\"\" srcset=\"https:\/\/ermatile.lu\/wp-content\/uploads\/2025\/12\/485137042_122159751734505166_1631195390121605529_n.jpg 590w, https:\/\/ermatile.lu\/wp-content\/uploads\/2025\/12\/485137042_122159751734505166_1631195390121605529_n-300x225.jpg 300w, https:\/\/ermatile.lu\/wp-content\/uploads\/2025\/12\/485137042_122159751734505166_1631195390121605529_n-16x12.jpg 16w\" sizes=\"(max-width: 590px) 100vw, 590px\" \/>        <\/div>\n        \t\t\t\t<\/div>\n\t\t\t\t<\/div>\n\t\t\t\t<\/div>\n\t\t\t\t<\/div>\n\t\t\t\t\t<\/div>\n\t\t\t\t<\/div>\n\t\t<div class=\"elementor-element elementor-element-1f492dc e-flex e-con-boxed e-con e-parent\" data-id=\"1f492dc\" data-element_type=\"container\" data-e-type=\"container\" data-settings=\"{&quot;background_background&quot;:&quot;classic&quot;,&quot;_ha_eqh_enable&quot;:false}\">\n\t\t\t\t\t<div class=\"e-con-inner\">\n\t\t<div class=\"elementor-element elementor-element-9426dcf e-con-full e-flex elementor-invisible e-con e-child\" data-id=\"9426dcf\" data-element_type=\"container\" data-e-type=\"container\" data-settings=\"{&quot;animation&quot;:&quot;fadeInLeft&quot;,&quot;_ha_eqh_enable&quot;:false}\">\n\t\t<div class=\"elementor-element elementor-element-e7f3eed e-con-full e-flex e-con e-child\" data-id=\"e7f3eed\" data-element_type=\"container\" data-e-type=\"container\" data-settings=\"{&quot;_ha_eqh_enable&quot;:false}\">\n\t\t<div class=\"elementor-element elementor-element-874d3be e-con-full e-flex e-con e-child\" data-id=\"874d3be\" data-element_type=\"container\" data-e-type=\"container\" data-settings=\"{&quot;_ha_eqh_enable&quot;:false}\">\n\t\t\t\t<div class=\"elementor-element elementor-element-9ccd7bf elementor-widget elementor-widget-ha-image-compare happy-addon ha-image-compare\" data-id=\"9ccd7bf\" data-element_type=\"widget\" data-e-type=\"widget\" data-widget_type=\"ha-image-compare.default\">\n\t\t\t\t\t        <div class=\"twentytwenty-container hajs-image-comparison\" data-happy-settings=\"{&quot;default_offset_pct&quot;:0.5,&quot;orientation&quot;:&quot;horizontal&quot;,&quot;no_overlay&quot;:true,&quot;move_handle&quot;:&quot;on_hover&quot;,&quot;before_label&quot;:&quot;Avant&quot;,&quot;after_label&quot;:&quot;Apr\\u00e8s&quot;}\">\n            <img loading=\"lazy\" decoding=\"async\" width=\"982\" height=\"1338\" src=\"https:\/\/ermatile.lu\/wp-content\/uploads\/2025\/12\/558686212_122191260656505166_788617193094681881_n.jpg\" class=\"elementor-animation-disable-animation attachment-full size-full wp-image-798\" alt=\"\" srcset=\"https:\/\/ermatile.lu\/wp-content\/uploads\/2025\/12\/558686212_122191260656505166_788617193094681881_n.jpg 982w, https:\/\/ermatile.lu\/wp-content\/uploads\/2025\/12\/558686212_122191260656505166_788617193094681881_n-220x300.jpg 220w, https:\/\/ermatile.lu\/wp-content\/uploads\/2025\/12\/558686212_122191260656505166_788617193094681881_n-752x1024.jpg 752w, https:\/\/ermatile.lu\/wp-content\/uploads\/2025\/12\/558686212_122191260656505166_788617193094681881_n-768x1046.jpg 768w, https:\/\/ermatile.lu\/wp-content\/uploads\/2025\/12\/558686212_122191260656505166_788617193094681881_n-9x12.jpg 9w\" sizes=\"(max-width: 982px) 100vw, 982px\" \/><img loading=\"lazy\" decoding=\"async\" width=\"1088\" height=\"1476\" src=\"https:\/\/ermatile.lu\/wp-content\/uploads\/2025\/12\/558827490_122191260680505166_8490632916370906433_n.jpg\" class=\"elementor-animation-disable-animation attachment-full size-full wp-image-797\" alt=\"\" srcset=\"https:\/\/ermatile.lu\/wp-content\/uploads\/2025\/12\/558827490_122191260680505166_8490632916370906433_n.jpg 1088w, https:\/\/ermatile.lu\/wp-content\/uploads\/2025\/12\/558827490_122191260680505166_8490632916370906433_n-221x300.jpg 221w, https:\/\/ermatile.lu\/wp-content\/uploads\/2025\/12\/558827490_122191260680505166_8490632916370906433_n-755x1024.jpg 755w, https:\/\/ermatile.lu\/wp-content\/uploads\/2025\/12\/558827490_122191260680505166_8490632916370906433_n-768x1042.jpg 768w, https:\/\/ermatile.lu\/wp-content\/uploads\/2025\/12\/558827490_122191260680505166_8490632916370906433_n-9x12.jpg 9w\" sizes=\"(max-width: 1088px) 100vw, 1088px\" \/>        <\/div>\n        \t\t\t\t<\/div>\n\t\t\t\t<\/div>\n\t\t<div class=\"elementor-element elementor-element-d65eb19 e-con-full e-flex e-con e-child\" data-id=\"d65eb19\" data-element_type=\"container\" data-e-type=\"container\" data-settings=\"{&quot;_ha_eqh_enable&quot;:false}\">\n\t\t\t\t<div class=\"elementor-element elementor-element-56711c3 elementor-widget elementor-widget-heading\" data-id=\"56711c3\" data-element_type=\"widget\" data-e-type=\"widget\" data-widget_type=\"heading.default\">\n\t\t\t\t\t<h2 class=\"elementor-heading-title elementor-size-default\">Virun an no: Buedz\u00ebmmerrenov\u00e9ierung zu Steinse<\/h2>\t\t\t\t<\/div>\n\t\t\t\t<div class=\"elementor-element elementor-element-342be96 elementor-widget elementor-widget-text-editor\" data-id=\"342be96\" data-element_type=\"widget\" data-e-type=\"widget\" data-widget_type=\"text-editor.default\">\n\t\t\t\t\t\t\t\t\t<div class=\"x14z9mp xat24cr x1lziwak x1vvkbs xtlvy1s x126k92a\"><div dir=\"auto\"><p>Mir free\u00ebn eis, Iech eist lescht Projet ze present\u00e9ieren: e modernt a funktionellt Buedz\u00ebmmer, dat komplett no de W\u00ebnsch vun eisem Client renov\u00e9iert gouf.<\/p><p>Ausgefouert Aarbechten :<\/p><p>\u2013 Entfernung vu Fliesen a Sanit\u00e4rgolt<br \/>\u2013 Installatioun vun der neier Sanit\u00e4rinstallatioun<br \/>\u2013 Neie Gl\u00e4ichgewiicht lee\u00ebn<br \/>- Duschkabinn-Abdichtung<br \/>- Plafongsverkleedung molen<\/p><p>Trotz dem limit\u00e9ierte Raum huet eis Equipe, a Kooperatioun mam Paulo Marques, sech der Erausfuerderung gestallt an all d'Ufuerderunge vum Client erf\u00ebllt, fir en impeccabelt Resultat!<\/p><p>Entdeckt dat endg\u00fcltegt Resultat :<\/p><p>\u2013 Love Tiles Buedem- a Wandbedeckungen: Wooden Beige 20\u00d7100 um Buedem a Precious Calacatta Oro 35\u00d7100 un de Maueren.<\/p><p>\u2013 Deva Duscht\u00fcr<\/p><p>\u2013 Minimalistesch Buedz\u00ebmmermiwwelen<\/p><p>\u2013 Dram-Wandtoilette<\/p><p>\u2013 Pixel Ctesi M\u00ebschbatterie a Duschsail<\/p><p>\u2013 Wueko Buedz\u00ebmmerschrank mat Spigel<\/p><p>\u2013 Kermi Handduchwiermer<\/p><p>Zeckt net eis ze kontakt\u00e9ieren, wann Dir \u00c4ert Haus renov\u00e9iere w\u00ebllt!<\/p><\/div><\/div>\t\t\t\t\t\t\t\t<\/div>\n\t\t\t\t<\/div>\n\t\t\t\t<\/div>\n\t\t\t\t<\/div>\n\t\t\t\t\t<\/div>\n\t\t\t\t<\/div>\n\t\t\t\t<\/div>","protected":false},"excerpt":{"rendered":"<p>D\u00e9couvrez notre derni\u00e8re r\u00e9alisation chez ERMA art &amp; S\u2019Tile ! Cette fois-ci, nous avons transform\u00e9 une salle de bains en un espace Mersch. Nous avons pris en charge l&rsquo;int\u00e9gralit\u00e9 du projet, de la d\u00e9molition \u00e0 la plomberie, en passant par le carrelage et la peinture. Pour le sol, nous avons opt\u00e9 pour la collection Robour [&hellip;]<\/p>","protected":false},"author":1,"featured_media":0,"parent":0,"menu_order":0,"comment_status":"closed","ping_status":"closed","template":"elementor_header_footer","meta":{"footnotes":""},"class_list":["post-795","page","type-page","status-publish","hentry"],"_hostinger_reach_plugin_has_subscription_block":false,"_hostinger_reach_plugin_is_elementor":false,"_links":{"self":[{"href":"https:\/\/ermatile.lu\/lb\/wp-json\/wp\/v2\/pages\/795","targetHints":{"allow":["GET"]}}],"collection":[{"href":"https:\/\/ermatile.lu\/lb\/wp-json\/wp\/v2\/pages"}],"about":[{"href":"https:\/\/ermatile.lu\/lb\/wp-json\/wp\/v2\/types\/page"}],"author":[{"embeddable":true,"href":"https:\/\/ermatile.lu\/lb\/wp-json\/wp\/v2\/users\/1"}],"replies":[{"embeddable":true,"href":"https:\/\/ermatile.lu\/lb\/wp-json\/wp\/v2\/comments?post=795"}],"version-history":[{"count":7,"href":"https:\/\/ermatile.lu\/lb\/wp-json\/wp\/v2\/pages\/795\/revisions"}],"predecessor-version":[{"id":806,"href":"https:\/\/ermatile.lu\/lb\/wp-json\/wp\/v2\/pages\/795\/revisions\/806"}],"wp:attachment":[{"href":"https:\/\/ermatile.lu\/lb\/wp-json\/wp\/v2\/media?parent=795"}],"curies":[{"name":"wp","href":"https:\/\/api.w.org\/{rel}","templated":true}]}}